{"id":491,"date":"2025-01-27T16:10:52","date_gmt":"2025-01-27T16:10:52","guid":{"rendered":"https:\/\/test.vivimsolar.cat\/qui-som\/"},"modified":"2025-05-15T09:44:57","modified_gmt":"2025-05-15T09:44:57","slug":"qui-som","status":"publish","type":"page","link":"https:\/\/test.vivimsolar.cat\/ca\/qui-som\/","title":{"rendered":"Qui Som"},"content":{"rendered":"\n<div class=\"slider-wrapper relative\" id=\"slider-416901695\" >\n    <div class=\"slider slider-nav-circle slider-nav-large slider-nav-light slider-style-normal\"\n        data-flickity-options='{\n            \"cellAlign\": \"center\",\n            \"imagesLoaded\": true,\n            \"lazyLoad\": 1,\n            \"freeScroll\": false,\n            \"wrapAround\": true,\n            \"autoPlay\": 6000,\n            \"pauseAutoPlayOnHover\" : true,\n            \"prevNextButtons\": true,\n            \"contain\" : true,\n            \"adaptiveHeight\" : true,\n            \"dragThreshold\" : 10,\n            \"percentPosition\": true,\n            \"pageDots\": true,\n            \"rightToLeft\": false,\n            \"draggable\": true,\n            \"selectedAttraction\": 0.1,\n            \"parallax\" : 0,\n            \"friction\": 0.6        }'\n        >\n        \n\n\n  <div class=\"banner has-hover has-parallax\" id=\"banner-1832409240\">\n          <div class=\"banner-inner fill\">\n        <div class=\"banner-bg fill\" data-parallax=\"-3\" data-parallax-container=\".banner\" data-parallax-background>\n            <img loading=\"lazy\" decoding=\"async\" width=\"873\" height=\"532\" src=\"https:\/\/test.vivimsolar.cat\/wp-content\/uploads\/2025\/01\/Rectangle-6.png\" class=\"bg attachment-large size-large\" alt=\"\" \/>                        <div class=\"overlay\"><\/div>            \n                    <\/div>\n\t\t\n        <div class=\"banner-layers container\">\n            <div class=\"fill banner-link\"><\/div>            \n\n   <div id=\"text-box-1096638285\" class=\"text-box banner-layer x50 md-x50 lg-x50 y50 md-y50 lg-y50 res-text\">\n                                <div class=\"text-box-content text dark\">\n              \n              <div class=\"text-inner text-center\">\n                  \n\n\t<div id=\"text-294601781\" class=\"text\">\n\t\t\n\n<p class=\"uppercase\"><strong>NOSALTRES<\/strong><\/p>\n\t\t\n<style>\n#text-294601781 {\n  color: #ffffff;\n}\n#text-294601781 > * {\n  color: #ffffff;\n}\n<\/style>\n\t<\/div>\n\t\n\t<div id=\"text-407882497\" class=\"text\">\n\t\t\n\n<h1>Especialistes en solucions d&#8217;energia solar fotovoltaica<\/h1>\n<p>Des del 2019 impulsant la transici\u00f3 energ\u00e8tica a llars, comunitats i empreses<\/p>\n\t\t\n<style>\n#text-407882497 {\n  font-size: 0.75rem;\n  color: #ffffff;\n}\n#text-407882497 > * {\n  color: #ffffff;\n}\n@media (min-width:550px) {\n  #text-407882497 {\n    font-size: 1.05rem;\n  }\n}\n<\/style>\n\t<\/div>\n\t\n\n              <\/div>\n           <\/div>\n                            \n<style>\n#text-box-1096638285 {\n  width: 90%;\n}\n#text-box-1096638285 .text-box-content {\n  font-size: 100%;\n}\n@media (min-width:550px) {\n  #text-box-1096638285 {\n    width: 70%;\n  }\n}\n<\/style>\n    <\/div>\n \n\n        <\/div>\n      <\/div>\n\n            \n<style>\n#banner-1832409240 {\n  padding-top: 400px;\n}\n#banner-1832409240 .overlay {\n  background-color: rgba(0, 0, 0, 0.25);\n}\n#banner-1832409240 .banner-bg img {\n  object-position: 0% 39%;\n}\n<\/style>\n  <\/div>\n\n\n\n     <\/div>\n\n     <div class=\"loading-spin dark large centered\"><\/div>\n\n\t<\/div>\n\n\n\n\t<section class=\"section\" id=\"section_1925308296\">\n\t\t<div class=\"section-bg fill\" >\n\t\t\t\t\t\t\t\t\t\n\t\t\t\n\n\t\t<\/div>\n\n\t\t\n\n\t\t<div class=\"section-content relative\">\n\t\t\t\n\n\t<div id=\"gap-879269737\" class=\"gap-element clearfix\" style=\"display:block; height:auto;\">\n\t\t\n<style>\n#gap-879269737 {\n  padding-top: 30px;\n}\n<\/style>\n\t<\/div>\n\t\n\n<div class=\"row row-large align-middle\"  id=\"row-1878374215\">\n\n\n\t<div id=\"col-1375507432\" class=\"col medium-6 small-12 large-6\"  >\n\t\t\t\t<div class=\"col-inner\"  >\n\t\t\t\n\t\t\t\n\n\t<div class=\"img has-hover x md-x lg-x y md-y lg-y\" id=\"image_339938667\">\n\t\t\t\t\t\t\t\t<div class=\"img-inner dark\" >\n\t\t\t<img loading=\"lazy\" decoding=\"async\" width=\"459\" height=\"350\" src=\"https:\/\/test.vivimsolar.cat\/wp-content\/uploads\/2025\/03\/rossinyol.jpg\" class=\"attachment-large size-large\" alt=\"\" srcset=\"https:\/\/test.vivimsolar.cat\/wp-content\/uploads\/2025\/03\/rossinyol.jpg 459w, https:\/\/test.vivimsolar.cat\/wp-content\/uploads\/2025\/03\/rossinyol-300x229.jpg 300w\" sizes=\"auto, (max-width: 459px) 100vw, 459px\" \/>\t\t\t\t\t\t\n\t\t\t\t\t<\/div>\n\t\t\t\t\t\t\t\t\n<style>\n#image_339938667 {\n  width: 100%;\n}\n<\/style>\n\t<\/div>\n\t\n\n\n\t\t<\/div>\n\t\t\t\t\t<\/div>\n\n\t\n\n\t<div id=\"col-931170085\" class=\"col medium-6 small-12 large-6 small-col-first\"  >\n\t\t\t\t<div class=\"col-inner\"  >\n\t\t\t\n\t\t\t\n\n<h2>Vivim Solar, el teu aliat en energia solar<\/h2>\n<p><strong>Vivim Solar SL<\/strong> \u00e9s una empresa especialista en solucions d&#8217; <strong>energia solar fotovoltaica<\/strong> . Establerta a Sant Cugat del Vall\u00e8s (Barcelona) per professionals de l&#8217;\u00e0mbit de l&#8217;enginyeria i les energies renovables, des del 2019 hem desenvolupat m\u00e9s de <strong>500 projectes<\/strong> al sector residencial, industrial i en comunitats de propietaris. <\/p>\n<p>Comptem amb un equip t\u00e8cnic altament qualificat i comprom\u00e8s amb oferir <strong>instal\u00b7lacions solars eficients, segures i duradores<\/strong> . La nostra missi\u00f3 \u00e9s ajudar-te a produir la teva pr\u00f2pia electricitat, estalviar diners i contribuir a un m\u00f3n m\u00e9s sostenible. <\/p>\n<p> <\/p>\n\n\t\t<\/div>\n\t\t\t\t\t<\/div>\n\n\t\n\n<\/div>\n<div class=\"text-center\"><div class=\"is-divider divider clearfix\" style=\"max-width:80%;height:1px;\"><\/div><\/div>\n\n\n\t\t<\/div>\n\n\t\t\n<style>\n#section_1925308296 {\n  padding-top: 60px 0;\n  padding-bottom: 60px 0;\n}\n<\/style>\n\t<\/section>\n\t\n\t<div id=\"text-2210055991\" class=\"text\">\n\t\t\n\n<h2 class=\"uppercase\">Garantia &#8211; QUALITAT &#8211; Confian\u00e7a<\/h2>\n\t\t\n<style>\n#text-2210055991 {\n  text-align: center;\n}\n<\/style>\n\t<\/div>\n\t\n\n\t<section class=\"section\" id=\"section_579162276\">\n\t\t<div class=\"section-bg fill\" >\n\t\t\t\t\t\t\t\t\t\n\t\t\t\n\n\t\t<\/div>\n\n\t\t\n\n\t\t<div class=\"section-content relative\">\n\t\t\t\n\n<div class=\"row row-large align-middle\"  id=\"row-558029478\">\n\n\n\t<div id=\"col-201550106\" class=\"col medium-4 small-12 large-4\"  >\n\t\t\t\t<div class=\"col-inner\"  >\n\t\t\t\n\t\t\t\n\n\t<div class=\"img has-hover x md-x lg-x y md-y lg-y\" id=\"image_432653810\">\n\t\t\t\t\t\t\t\t<div class=\"img-inner dark\" >\n\t\t\t<img loading=\"lazy\" decoding=\"async\" width=\"446\" height=\"167\" src=\"https:\/\/test.vivimsolar.cat\/wp-content\/uploads\/2025\/05\/cona-3.jpg\" class=\"attachment-large size-large\" alt=\"\" srcset=\"https:\/\/test.vivimsolar.cat\/wp-content\/uploads\/2025\/05\/cona-3.jpg 446w, https:\/\/test.vivimsolar.cat\/wp-content\/uploads\/2025\/05\/cona-3-300x112.jpg 300w\" sizes=\"auto, (max-width: 446px) 100vw, 446px\" \/>\t\t\t\t\t\t\n\t\t\t\t\t<\/div>\n\t\t\t\t\t\t\t\t\n<style>\n#image_432653810 {\n  width: 100%;\n}\n<\/style>\n\t<\/div>\n\t\n\n<h2 style=\"text-align: center;\">Al teu costat<\/h2>\n<p style=\"text-align: center;\">T&#8217;acompanyem durant tot el proc\u00e9s, resolent dubtes i imprevistos amb atenci\u00f3 personalitzada.<\/p>\n\n\t\t<\/div>\n\t\t\t\t\t<\/div>\n\n\t\n\n\t<div id=\"col-500985107\" class=\"col medium-4 small-12 large-4\"  >\n\t\t\t\t<div class=\"col-inner\"  >\n\t\t\t\n\t\t\t\n\n\t<div class=\"img has-hover x md-x lg-x y md-y lg-y\" id=\"image_1972652445\">\n\t\t\t\t\t\t\t\t<div class=\"img-inner dark\" >\n\t\t\t<img loading=\"lazy\" decoding=\"async\" width=\"446\" height=\"167\" src=\"https:\/\/test.vivimsolar.cat\/wp-content\/uploads\/2025\/05\/cona-2.jpg\" class=\"attachment-large size-large\" alt=\"\" srcset=\"https:\/\/test.vivimsolar.cat\/wp-content\/uploads\/2025\/05\/cona-2.jpg 446w, https:\/\/test.vivimsolar.cat\/wp-content\/uploads\/2025\/05\/cona-2-300x112.jpg 300w\" sizes=\"auto, (max-width: 446px) 100vw, 446px\" \/>\t\t\t\t\t\t\n\t\t\t\t\t<\/div>\n\t\t\t\t\t\t\t\t\n<style>\n#image_1972652445 {\n  width: 100%;\n}\n<\/style>\n\t<\/div>\n\t\n\n<h2>Solucions a mida<\/h2>\n<p style=\"text-align: center;\">Cada instal\u00b7laci\u00f3 \u00e9s \u00fanica. Estudiem les necessitats concretes i dissenyem la soluci\u00f3 \u00f2ptima pel teu cas. <\/p>\n\n\t\t<\/div>\n\t\t\t\t\t<\/div>\n\n\t\n\n\t<div id=\"col-1350354617\" class=\"col medium-4 small-12 large-4\"  >\n\t\t\t\t<div class=\"col-inner\"  >\n\t\t\t\n\t\t\t\n\n\t<div class=\"img has-hover x md-x lg-x y md-y lg-y\" id=\"image_274644767\">\n\t\t\t\t\t\t\t\t<div class=\"img-inner dark\" >\n\t\t\t<img loading=\"lazy\" decoding=\"async\" width=\"446\" height=\"167\" src=\"https:\/\/test.vivimsolar.cat\/wp-content\/uploads\/2025\/05\/cona-1.jpg\" class=\"attachment-large size-large\" alt=\"\" srcset=\"https:\/\/test.vivimsolar.cat\/wp-content\/uploads\/2025\/05\/cona-1.jpg 446w, https:\/\/test.vivimsolar.cat\/wp-content\/uploads\/2025\/05\/cona-1-300x112.jpg 300w\" sizes=\"auto, (max-width: 446px) 100vw, 446px\" \/>\t\t\t\t\t\t\n\t\t\t\t\t<\/div>\n\t\t\t\t\t\t\t\t\n<style>\n#image_274644767 {\n  width: 100%;\n}\n<\/style>\n\t<\/div>\n\t\n\n<h2 style=\"text-align: center;\"><strong>Confian\u00e7a i qualitat:<\/strong><\/h2>\n<p style=\"text-align: center;\">  Fem servir materials amb fins a 25 anys de garantia i garantim les nostres instal\u00b7lacions durant 2 anys. Tot instal\u00b7lat per professionals amb experi\u00e8ncia. <\/p>\n\n\t\t<\/div>\n\t\t\t\t\t<\/div>\n\n\t\n\n<\/div>\n\n\t\t<\/div>\n\n\t\t\n<style>\n#section_579162276 {\n  padding-top: 60px 0;\n  padding-bottom: 60px 0;\n  background-color: rgb(255, 255, 255);\n}\n<\/style>\n\t<\/section>\n\t\n\n\t<section class=\"section\" id=\"section_5390195\">\n\t\t<div class=\"section-bg fill\" >\n\t\t\t\t\t\t\t\t\t\n\t\t\t\n\n\t\t<\/div>\n\n\t\t\n\n\t\t<div class=\"section-content relative\">\n\t\t\t\n\n<div class=\"row\"  id=\"row-2091769411\">\n\n\n\t<div id=\"col-492319510\" class=\"col large-12\"  >\n\t\t\t\t<div class=\"col-inner text-center\"  >\n\t\t\t\n\t\t\t\n\n\t<div id=\"gap-1447594519\" class=\"gap-element clearfix\" style=\"display:block; height:auto;\">\n\t\t\n<style>\n#gap-1447594519 {\n  padding-top: 30px;\n}\n<\/style>\n\t<\/div>\n\t\n\n<h2 class=\"uppercase\">Comprom\u00eds amb la sostenibilitat<\/h2>\n<p>Creiem en una transici\u00f3 energ\u00e8tica justa ia l&#8217;abast de tothom. Cada instal\u00b7laci\u00f3 que fem \u00e9s un pas cap a un model energ\u00e8tic m\u00e9s net, eficient i descentralitzat. <\/p>\n<p>A Vivim Solar, <strong>treballem per a un futur millor<\/strong> .<\/p>\n<a href=\"https:\/\/test.vivimsolar.cat\/proyectos-energia-solar\/\" class=\"button primary is-outline\"  >\n\t\t<span>DESCOBREIX ELS NOSTRES PROJECTES<\/span>\n\t<\/a>\n\n\n\n\t\t<\/div>\n\t\t\t\t\t<\/div>\n\n\t\n\n<\/div>\n\n\t\t<\/div>\n\n\t\t\n<style>\n#section_5390195 {\n  padding-top: 60px 0;\n  padding-bottom: 60px 0;\n  background-color: rgb(248, 248, 248);\n}\n<\/style>\n\t<\/section>\n\t\n\n\t<section class=\"section\" id=\"section_1699941635\">\n\t\t<div class=\"section-bg fill\" >\n\t\t\t\t\t\t\t\t\t\n\t\t\t\n\n\t\t<\/div>\n\n\t\t\n\n\t\t<div class=\"section-content relative\">\n\t\t\t\n\n<div class=\"slider-wrapper relative\" id=\"slider-1920049128\" >\n    <div class=\"slider slider-nav-circle slider-nav-large slider-nav-light slider-style-normal\"\n        data-flickity-options='{\n            \"cellAlign\": \"center\",\n            \"imagesLoaded\": true,\n            \"lazyLoad\": 1,\n            \"freeScroll\": false,\n            \"wrapAround\": true,\n            \"autoPlay\": 6000,\n            \"pauseAutoPlayOnHover\" : true,\n            \"prevNextButtons\": true,\n            \"contain\" : true,\n            \"adaptiveHeight\" : true,\n            \"dragThreshold\" : 10,\n            \"percentPosition\": true,\n            \"pageDots\": true,\n            \"rightToLeft\": false,\n            \"draggable\": true,\n            \"selectedAttraction\": 0.1,\n            \"parallax\" : 0,\n            \"friction\": 0.6        }'\n        >\n        \n\n\n  <div class=\"banner has-hover has-parallax\" id=\"banner-1162424685\">\n          <div class=\"banner-inner fill\">\n        <div class=\"banner-bg fill\" data-parallax=\"-3\" data-parallax-container=\".banner\" data-parallax-background>\n            <img loading=\"lazy\" decoding=\"async\" width=\"1440\" height=\"420\" src=\"https:\/\/test.vivimsolar.cat\/wp-content\/uploads\/2025\/01\/Group-7-1.png\" class=\"bg attachment-original size-original\" alt=\"\" \/>                                    \n                    <\/div>\n\t\t\n        <div class=\"banner-layers container\">\n            <div class=\"fill banner-link\"><\/div>            \n\n   <div id=\"text-box-2070179545\" class=\"text-box banner-layer x5 md-x0 lg-x0 y50 md-y30 lg-y30 res-text\">\n                                <div class=\"text-box-content text dark\">\n              \n              <div class=\"text-inner text-center\">\n                  \n\n\t<div class=\"img has-hover x md-x lg-x y md-y lg-y\" id=\"image_2091314444\">\n\t\t\t\t\t\t\t\t<div class=\"img-inner dark\" >\n\t\t\t<img loading=\"lazy\" decoding=\"async\" width=\"678\" height=\"213\" src=\"https:\/\/test.vivimsolar.cat\/wp-content\/uploads\/2025\/01\/Group-1-7-1.png\" class=\"attachment-original size-original\" alt=\"\" srcset=\"https:\/\/test.vivimsolar.cat\/wp-content\/uploads\/2025\/01\/Group-1-7-1.png 678w, https:\/\/test.vivimsolar.cat\/wp-content\/uploads\/2025\/01\/Group-1-7-1-300x94.png 300w\" sizes=\"auto, (max-width: 678px) 100vw, 678px\" \/>\t\t\t\t\t\t\n\t\t\t\t\t<\/div>\n\t\t\t\t\t\t\t\t\n<style>\n#image_2091314444 {\n  width: 100%;\n}\n<\/style>\n\t<\/div>\n\t\n\n\n              <\/div>\n           <\/div>\n                            \n<style>\n#text-box-2070179545 {\n  width: 60%;\n}\n#text-box-2070179545 .text-box-content {\n  font-size: 100%;\n}\n@media (min-width:550px) {\n  #text-box-2070179545 {\n    width: 40%;\n  }\n}\n<\/style>\n    <\/div>\n \n\n        <\/div>\n      <\/div>\n\n            \n<style>\n#banner-1162424685 {\n  padding-top: 139px;\n}\n#banner-1162424685 .banner-bg img {\n  object-position: 23% 100%;\n}\n@media (min-width:550px) {\n  #banner-1162424685 {\n    padding-top: 420px;\n  }\n}\n<\/style>\n  <\/div>\n\n\n\n     <\/div>\n\n     <div class=\"loading-spin dark large centered\"><\/div>\n\n\t<\/div>\n\n\n<div class=\"row row-large\"  id=\"row-2114845608\">\n\n\n\t<div id=\"col-1817420248\" class=\"col medium-6 small-12 large-6\"  >\n\t\t\t\t<div class=\"col-inner\"  >\n\t\t\t\n\t\t\t\n\n\t<div id=\"text-1900311372\" class=\"text\">\n\t\t\n\n<p data-line-height=\"m\">Vivim Solar, solucions d&#8217;altes prestacions per al teu projecte fotovoltaic clau en m\u00e0.<\/p>\n\t\t\n<style>\n#text-1900311372 {\n  font-size: 1.85rem;\n}\n<\/style>\n\t<\/div>\n\t\n<p>Desenvolupem projectes fotovoltaics des de l&#8217;enginyeria fins a la instal\u00b7laci\u00f3, la legalitzaci\u00f3 i el manteniment. Treballem amb personal propi a totes les etapes del projecte. <\/p>\n\n\t\t<\/div>\n\t\t\t\t\t<\/div>\n\n\t\n\n\t<div id=\"col-1620052576\" class=\"col medium-5 small-12 large-5\"  >\n\t\t\t\t<div class=\"col-inner box-shadow-2\" style=\"background-color:rgb(255,255,255);\" >\n\t\t\t\n\t\t\t\n\n<div class=\"row align-center\"  id=\"row-205882994\">\n\n\n\t<div id=\"col-2604339\" class=\"col medium-11 small-12 large-11\"  >\n\t\t\t\t<div class=\"col-inner\" style=\"background-color:rgb(255,255,255);\" >\n\t\t\t\n\t\t\t\n\n\t<div id=\"text-4273053059\" class=\"text\">\n\t\t\n\n<p>Contacta amb nosaltres<\/p>\n\t\t\n<style>\n#text-4273053059 {\n  font-size: 1.6rem;\n}\n<\/style>\n\t<\/div>\n\t\n\n<div class=\"wpcf7 no-js\" id=\"wpcf7-f531-o1\" lang=\"ca\" dir=\"ltr\" data-wpcf7-id=\"531\">\n<div class=\"screen-reader-response\"><p role=\"status\" aria-live=\"polite\" aria-atomic=\"true\"><\/p> <ul><\/ul><\/div>\n<form action=\"\/ca\/wp-json\/wp\/v2\/pages\/491#wpcf7-f531-o1\" method=\"post\" class=\"wpcf7-form init\" aria-label=\"Formulari de contacte\" novalidate=\"novalidate\" data-status=\"init\">\n<div style=\"display: none;\">\n<input type=\"hidden\" name=\"_wpcf7\" value=\"531\" \/>\n<input type=\"hidden\" name=\"_wpcf7_version\" value=\"6.0.6\" \/>\n<input type=\"hidden\" name=\"_wpcf7_locale\" value=\"ca\" \/>\n<input type=\"hidden\" name=\"_wpcf7_unit_tag\" value=\"wpcf7-f531-o1\" \/>\n<input type=\"hidden\" name=\"_wpcf7_container_post\" value=\"0\" \/>\n<input type=\"hidden\" name=\"_wpcf7_posted_data_hash\" value=\"\" \/>\n<\/div>\n<p><label> El teu nom<br \/>\n<span class=\"wpcf7-form-control-wrap\" data-name=\"your-name\"><input size=\"40\" maxlength=\"400\" class=\"wpcf7-form-control wpcf7-text wpcf7-validates-as-required\" autocomplete=\"name\" aria-required=\"true\" aria-invalid=\"false\" value=\"\" type=\"text\" name=\"your-name\" \/><\/span> <\/label>\n<\/p>\n<p><label> El teu correu electr\u00f2nic<br \/>\n<span class=\"wpcf7-form-control-wrap\" data-name=\"your-email\"><input size=\"40\" maxlength=\"400\" class=\"wpcf7-form-control wpcf7-email wpcf7-validates-as-required wpcf7-text wpcf7-validates-as-email\" autocomplete=\"email\" aria-required=\"true\" aria-invalid=\"false\" value=\"\" type=\"email\" name=\"your-email\" \/><\/span> <\/label>\n<\/p>\n<p><label> Assumpte<br \/>\n<span class=\"wpcf7-form-control-wrap\" data-name=\"your-subject\"><input size=\"40\" maxlength=\"400\" class=\"wpcf7-form-control wpcf7-text wpcf7-validates-as-required\" aria-required=\"true\" aria-invalid=\"false\" value=\"\" type=\"text\" name=\"your-subject\" \/><\/span> <\/label>\n<\/p>\n<p><label> El teu missatge (opcional)<br \/>\n<span class=\"wpcf7-form-control-wrap\" data-name=\"your-message\"><textarea cols=\"40\" rows=\"10\" maxlength=\"2000\" class=\"wpcf7-form-control wpcf7-textarea\" aria-invalid=\"false\" name=\"your-message\"><\/textarea><\/span> <\/label>\n<\/p>\n<p><label><span class=\"wpcf7-form-control-wrap\" data-name=\"checkbox-416\"><span class=\"wpcf7-form-control wpcf7-checkbox wpcf7-validates-as-required\"><span class=\"wpcf7-list-item first last\"><label><input type=\"checkbox\" name=\"checkbox-416[]\" value=\"He llegit i accepto la pol\u00edtica de privadesa de Vivim Solar\" \/><span class=\"wpcf7-list-item-label\">He llegit i accepto la pol\u00edtica de privadesa de Vivim Solar<\/span><\/label><\/span><\/span><\/span> <\/label><br \/>\n<label><span class=\"wpcf7-form-control-wrap\" data-name=\"checkbox-417\"><span class=\"wpcf7-form-control wpcf7-checkbox\"><span class=\"wpcf7-list-item first last\"><label><input type=\"checkbox\" name=\"checkbox-417[]\" value=\"Accepto rebre notificacions comercials per part de Vivim Solar\" \/><span class=\"wpcf7-list-item-label\">Accepto rebre notificacions comercials per part de Vivim Solar<\/span><\/label><\/span><\/span><\/span> <\/label>\n<\/p>\n<p><input class=\"wpcf7-form-control wpcf7-submit has-spinner\" type=\"submit\" value=\"Enviar\" \/>\n<\/p><div class=\"wpcf7-response-output\" aria-hidden=\"true\"><\/div>\n<\/form>\n<\/div>\n\n\n\n\t\t<\/div>\n\t\t\t\t\n<style>\n#col-2604339 > .col-inner {\n  padding: 30px 30px 30px 30px;\n}\n<\/style>\n\t<\/div>\n\n\t\n\n\n<style>\n#row-205882994 > .col > .col-inner {\n  background-color: rgb(255,255,255);\n}\n<\/style>\n<\/div>\n\n\t\t<\/div>\n\t\t\t\t\n<style>\n#col-1620052576 > .col-inner {\n  margin: 0px 0px 0px 0px;\n}\n@media (min-width:550px) {\n  #col-1620052576 > .col-inner {\n    margin: -200px 0px 0px 0px;\n  }\n}\n<\/style>\n\t<\/div>\n\n\t\n\n<\/div>\n\n\t\t<\/div>\n\n\t\t\n<style>\n#section_1699941635 {\n  padding-top: 0px;\n  padding-bottom: 0px;\n}\n<\/style>\n\t<\/section>\n\t\n\n","protected":false},"excerpt":{"rendered":"","protected":false},"author":2,"featured_media":0,"parent":0,"menu_order":0,"comment_status":"closed","ping_status":"closed","template":"page-blank.php","meta":{"_joinchat":[],"footnotes":""},"class_list":["post-491","page","type-page","status-publish","hentry"],"yoast_head":"<!-- This site is optimized with the Yoast SEO plugin v25.1 - https:\/\/yoast.com\/wordpress\/plugins\/seo\/ -->\n<title>Qui Som - Vivim Solar<\/title>\n<meta name=\"robots\" content=\"noindex, follow, max-snippet:-1, max-image-preview:large, max-video-preview:-1\" \/>\n<meta property=\"og:locale\" content=\"ca_ES\" \/>\n<meta property=\"og:type\" content=\"article\" \/>\n<meta property=\"og:title\" content=\"Qui Som - Vivim Solar\" \/>\n<meta property=\"og:url\" content=\"https:\/\/test.vivimsolar.cat\/ca\/qui-som\/\" \/>\n<meta property=\"og:site_name\" content=\"Vivim Solar\" \/>\n<meta property=\"article:modified_time\" content=\"2025-05-15T09:44:57+00:00\" \/>\n<meta name=\"twitter:card\" content=\"summary_large_image\" \/>\n<meta name=\"twitter:label1\" content=\"Temps estimat de lectura\" \/>\n\t<meta name=\"twitter:data1\" content=\"3 minuts\" \/>\n<script type=\"application\/ld+json\" class=\"yoast-schema-graph\">{\"@context\":\"https:\/\/schema.org\",\"@graph\":[{\"@type\":\"WebPage\",\"@id\":\"https:\/\/test.vivimsolar.cat\/ca\/qui-som\/\",\"url\":\"https:\/\/test.vivimsolar.cat\/ca\/qui-som\/\",\"name\":\"Qui Som - Vivim Solar\",\"isPartOf\":{\"@id\":\"https:\/\/test.vivimsolar.cat\/ca\/#website\"},\"datePublished\":\"2025-01-27T16:10:52+00:00\",\"dateModified\":\"2025-05-15T09:44:57+00:00\",\"breadcrumb\":{\"@id\":\"https:\/\/test.vivimsolar.cat\/ca\/qui-som\/#breadcrumb\"},\"inLanguage\":\"ca\",\"potentialAction\":[{\"@type\":\"ReadAction\",\"target\":[\"https:\/\/test.vivimsolar.cat\/ca\/qui-som\/\"]}]},{\"@type\":\"BreadcrumbList\",\"@id\":\"https:\/\/test.vivimsolar.cat\/ca\/qui-som\/#breadcrumb\",\"itemListElement\":[{\"@type\":\"ListItem\",\"position\":1,\"name\":\"Portada\",\"item\":\"https:\/\/test.vivimsolar.cat\/ca\/\"},{\"@type\":\"ListItem\",\"position\":2,\"name\":\"Qui Som\"}]},{\"@type\":\"WebSite\",\"@id\":\"https:\/\/test.vivimsolar.cat\/ca\/#website\",\"url\":\"https:\/\/test.vivimsolar.cat\/ca\/\",\"name\":\"Vivim Solar\",\"description\":\"Especialistas en Energ\u00eda Solar\",\"potentialAction\":[{\"@type\":\"SearchAction\",\"target\":{\"@type\":\"EntryPoint\",\"urlTemplate\":\"https:\/\/test.vivimsolar.cat\/ca\/?s={search_term_string}\"},\"query-input\":{\"@type\":\"PropertyValueSpecification\",\"valueRequired\":true,\"valueName\":\"search_term_string\"}}],\"inLanguage\":\"ca\"}]}<\/script>\n<!-- \/ Yoast SEO plugin. -->","yoast_head_json":{"title":"Qui Som - Vivim Solar","robots":{"index":"noindex","follow":"follow","max-snippet":"max-snippet:-1","max-image-preview":"max-image-preview:large","max-video-preview":"max-video-preview:-1"},"og_locale":"ca_ES","og_type":"article","og_title":"Qui Som - Vivim Solar","og_url":"https:\/\/test.vivimsolar.cat\/ca\/qui-som\/","og_site_name":"Vivim Solar","article_modified_time":"2025-05-15T09:44:57+00:00","twitter_card":"summary_large_image","twitter_misc":{"Temps estimat de lectura":"3 minuts"},"schema":{"@context":"https:\/\/schema.org","@graph":[{"@type":"WebPage","@id":"https:\/\/test.vivimsolar.cat\/ca\/qui-som\/","url":"https:\/\/test.vivimsolar.cat\/ca\/qui-som\/","name":"Qui Som - Vivim Solar","isPartOf":{"@id":"https:\/\/test.vivimsolar.cat\/ca\/#website"},"datePublished":"2025-01-27T16:10:52+00:00","dateModified":"2025-05-15T09:44:57+00:00","breadcrumb":{"@id":"https:\/\/test.vivimsolar.cat\/ca\/qui-som\/#breadcrumb"},"inLanguage":"ca","potentialAction":[{"@type":"ReadAction","target":["https:\/\/test.vivimsolar.cat\/ca\/qui-som\/"]}]},{"@type":"BreadcrumbList","@id":"https:\/\/test.vivimsolar.cat\/ca\/qui-som\/#breadcrumb","itemListElement":[{"@type":"ListItem","position":1,"name":"Portada","item":"https:\/\/test.vivimsolar.cat\/ca\/"},{"@type":"ListItem","position":2,"name":"Qui Som"}]},{"@type":"WebSite","@id":"https:\/\/test.vivimsolar.cat\/ca\/#website","url":"https:\/\/test.vivimsolar.cat\/ca\/","name":"Vivim Solar","description":"Especialistas en Energ\u00eda Solar","potentialAction":[{"@type":"SearchAction","target":{"@type":"EntryPoint","urlTemplate":"https:\/\/test.vivimsolar.cat\/ca\/?s={search_term_string}"},"query-input":{"@type":"PropertyValueSpecification","valueRequired":true,"valueName":"search_term_string"}}],"inLanguage":"ca"}]}},"_links":{"self":[{"href":"https:\/\/test.vivimsolar.cat\/ca\/wp-json\/wp\/v2\/pages\/491","targetHints":{"allow":["GET"]}}],"collection":[{"href":"https:\/\/test.vivimsolar.cat\/ca\/wp-json\/wp\/v2\/pages"}],"about":[{"href":"https:\/\/test.vivimsolar.cat\/ca\/wp-json\/wp\/v2\/types\/page"}],"author":[{"embeddable":true,"href":"https:\/\/test.vivimsolar.cat\/ca\/wp-json\/wp\/v2\/users\/2"}],"replies":[{"embeddable":true,"href":"https:\/\/test.vivimsolar.cat\/ca\/wp-json\/wp\/v2\/comments?post=491"}],"version-history":[{"count":1,"href":"https:\/\/test.vivimsolar.cat\/ca\/wp-json\/wp\/v2\/pages\/491\/revisions"}],"predecessor-version":[{"id":492,"href":"https:\/\/test.vivimsolar.cat\/ca\/wp-json\/wp\/v2\/pages\/491\/revisions\/492"}],"wp:attachment":[{"href":"https:\/\/test.vivimsolar.cat\/ca\/wp-json\/wp\/v2\/media?parent=491"}],"curies":[{"name":"wp","href":"https:\/\/api.w.org\/{rel}","templated":true}]}}