{"id":519,"date":"2025-01-27T16:12:39","date_gmt":"2025-01-27T16:12:39","guid":{"rendered":"https:\/\/test.vivimsolar.cat\/contacte\/"},"modified":"2025-05-15T09:53:01","modified_gmt":"2025-05-15T09:53:01","slug":"contacte","status":"publish","type":"page","link":"https:\/\/test.vivimsolar.cat\/ca\/contacte\/","title":{"rendered":"Contacte"},"content":{"rendered":"\n<div class=\"slider-wrapper relative\" id=\"slider-2103455257\" >\n    <div class=\"slider slider-nav-circle slider-nav-large slider-nav-light slider-style-normal\"\n        data-flickity-options='{\n            \"cellAlign\": \"center\",\n            \"imagesLoaded\": true,\n            \"lazyLoad\": 1,\n            \"freeScroll\": false,\n            \"wrapAround\": true,\n            \"autoPlay\": 6000,\n            \"pauseAutoPlayOnHover\" : true,\n            \"prevNextButtons\": true,\n            \"contain\" : true,\n            \"adaptiveHeight\" : true,\n            \"dragThreshold\" : 10,\n            \"percentPosition\": true,\n            \"pageDots\": true,\n            \"rightToLeft\": false,\n            \"draggable\": true,\n            \"selectedAttraction\": 0.1,\n            \"parallax\" : 0,\n            \"friction\": 0.6        }'\n        >\n        \n\n\n  <div class=\"banner has-hover has-parallax\" id=\"banner-688107217\">\n          <div class=\"banner-inner fill\">\n        <div class=\"banner-bg fill\" data-parallax=\"-3\" data-parallax-container=\".banner\" data-parallax-background>\n            <img loading=\"lazy\" decoding=\"async\" width=\"1020\" height=\"670\" src=\"https:\/\/test.vivimsolar.cat\/wp-content\/uploads\/2025\/03\/instaladores-placas-solares-vivim-solar-sant-cugat-1024x673.jpg\" class=\"bg attachment-large size-large\" alt=\"\" \/>                        <div class=\"overlay\"><\/div>            \n                    <\/div>\n\t\t\n        <div class=\"banner-layers container\">\n            <div class=\"fill banner-link\"><\/div>            \n\n   <div id=\"text-box-368620236\" class=\"text-box banner-layer x50 md-x50 lg-x50 y50 md-y50 lg-y50 res-text\">\n                                <div class=\"text-box-content text dark\">\n              \n              <div class=\"text-inner text-center\">\n                  \n\n\t<div id=\"text-2417938821\" class=\"text\">\n\t\t\n\n<p class=\"uppercase\"><strong>PARLEM?<\/strong><\/p>\n\t\t\n<style>\n#text-2417938821 {\n  color: #ffffff;\n}\n#text-2417938821 > * {\n  color: #ffffff;\n}\n<\/style>\n\t<\/div>\n\t\n\t<div id=\"text-3431296483\" class=\"text\">\n\t\t\n\n<h1>T&#8217;ajudem a fer el pas cap a l&#8217;energia solar<\/h1>\n<p>Deixa&#8217;ns les teves dades i un dels nostres experts es posar\u00e0 en contacte amb tu<\/p>\n\t\t\n<style>\n#text-3431296483 {\n  color: #ffffff;\n}\n#text-3431296483 > * {\n  color: #ffffff;\n}\n<\/style>\n\t<\/div>\n\t\n<a href=\"#presupuesto\" class=\"button white\"  >\n\t\t<span>SOL\u00b7LICITAR PRESSUPOST<\/span>\n\t<\/a>\n\n\n\n              <\/div>\n           <\/div>\n                            \n<style>\n#text-box-368620236 {\n  width: 90%;\n}\n#text-box-368620236 .text-box-content {\n  font-size: 100%;\n}\n@media (min-width:550px) {\n  #text-box-368620236 {\n    width: 70%;\n  }\n}\n<\/style>\n    <\/div>\n \n\n        <\/div>\n      <\/div>\n\n            \n<style>\n#banner-688107217 {\n  padding-top: 400px;\n}\n#banner-688107217 .overlay {\n  background-color: rgba(0, 0, 0, 0.4);\n}\n#banner-688107217 .banner-bg img {\n  object-position: center;\n}\n<\/style>\n  <\/div>\n\n\n\n     <\/div>\n\n     <div class=\"loading-spin dark large centered\"><\/div>\n\n\t<\/div>\n\n\n\n\t<section class=\"section\" id=\"section_876321066\">\n\t\t<div class=\"section-bg fill\" >\n\t\t\t\t\t\t\t\t\t\n\t\t\t\n\n\t\t<\/div>\n\n\t\t\n\n\t\t<div class=\"section-content relative\">\n\t\t\t\n\n<div class=\"row row-large align-middle\"  id=\"row-2049059222\">\n\n\n\t<div id=\"col-818902348\" class=\"col medium-6 small-12 large-6\"  >\n\t\t\t\t<div class=\"col-inner\"  >\n\t\t\t\n\t\t\t\n\n<h2>Contacta amb Vivim Solar<\/h2>\n<p>Som aqu\u00ed per resoldre els teus dubtes i ajudar-te a estalviar amb una soluci\u00f3 energ\u00e8tica sostenible. Omple el formulari o utilitza les dades de contacte directes per parlar amb el nostre equip.<\/p>\n<ul>\n<li><strong>Tel\u00e8fon:<\/strong> <a href=\"tel:+34659994599\">659 994 599<\/a><\/li>\n<li><strong>Email:<\/strong> <a href=\"mailto:hola@vivimsolar.com\">hola@vivimsolar.com<\/a><\/li>\n<li><strong>Adre\u00e7a:<\/strong> Av. Corts Catalanes, 2, Nau 4 &#8211; 08173 &#8211; Sant Cugat del Vall\u00e8s<\/li>\n<\/ul>\n<p><strong>Horari d&#8217;atenci\u00f3:<\/strong> Dilluns a divendres, de 9.00 a 18.00 h<\/p>\n\t<div id=\"gap-1199944495\" class=\"gap-element clearfix\" style=\"display:block; height:auto;\">\n\t\t\n<style>\n#gap-1199944495 {\n  padding-top: 20px;\n}\n<\/style>\n\t<\/div>\n\t\n\n<a href=\"tel:+34659994599\" class=\"button primary is-large\"  >\n\t\t<span>TRUCA&apos;NS ARA<\/span>\n\t<\/a>\n\n\n\n\t\t<\/div>\n\t\t\t\t\t<\/div>\n\n\t\n\n\t<div id=\"col-441190711\" class=\"col medium-6 small-12 large-6\"  >\n\t\t\t\t<div class=\"col-inner box-shadow-1\" style=\"background-color:#f9f9f9;\" >\n\t\t\t\n\t\t\t\n\n<span class=\"scroll-to\" data-label=\"Scroll to: #presupuesto\" data-bullet=\"true\" data-link=\"#presupuesto\" data-title=\"pressupost\" ><a name=\"presupuesto\"><\/a><\/span>\n\n<h3 class=\"uppercase\">Formulari de contacte<\/h3>\n\n<div class=\"wpcf7 no-js\" id=\"wpcf7-f531-o1\" lang=\"ca\" dir=\"ltr\" data-wpcf7-id=\"531\">\n<div class=\"screen-reader-response\"><p role=\"status\" aria-live=\"polite\" aria-atomic=\"true\"><\/p> <ul><\/ul><\/div>\n<form action=\"\/ca\/wp-json\/wp\/v2\/pages\/519#wpcf7-f531-o1\" method=\"post\" class=\"wpcf7-form init\" aria-label=\"Formulari de contacte\" novalidate=\"novalidate\" data-status=\"init\">\n<div style=\"display: none;\">\n<input type=\"hidden\" name=\"_wpcf7\" value=\"531\" \/>\n<input type=\"hidden\" name=\"_wpcf7_version\" value=\"6.0.6\" \/>\n<input type=\"hidden\" name=\"_wpcf7_locale\" value=\"ca\" \/>\n<input type=\"hidden\" name=\"_wpcf7_unit_tag\" value=\"wpcf7-f531-o1\" \/>\n<input type=\"hidden\" name=\"_wpcf7_container_post\" value=\"0\" \/>\n<input type=\"hidden\" name=\"_wpcf7_posted_data_hash\" value=\"\" \/>\n<\/div>\n<p><label> El teu nom<br \/>\n<span class=\"wpcf7-form-control-wrap\" data-name=\"your-name\"><input size=\"40\" maxlength=\"400\" class=\"wpcf7-form-control wpcf7-text wpcf7-validates-as-required\" autocomplete=\"name\" aria-required=\"true\" aria-invalid=\"false\" value=\"\" type=\"text\" name=\"your-name\" \/><\/span> <\/label>\n<\/p>\n<p><label> El teu correu electr\u00f2nic<br \/>\n<span class=\"wpcf7-form-control-wrap\" data-name=\"your-email\"><input size=\"40\" maxlength=\"400\" class=\"wpcf7-form-control wpcf7-email wpcf7-validates-as-required wpcf7-text wpcf7-validates-as-email\" autocomplete=\"email\" aria-required=\"true\" aria-invalid=\"false\" value=\"\" type=\"email\" name=\"your-email\" \/><\/span> <\/label>\n<\/p>\n<p><label> Assumpte<br \/>\n<span class=\"wpcf7-form-control-wrap\" data-name=\"your-subject\"><input size=\"40\" maxlength=\"400\" class=\"wpcf7-form-control wpcf7-text wpcf7-validates-as-required\" aria-required=\"true\" aria-invalid=\"false\" value=\"\" type=\"text\" name=\"your-subject\" \/><\/span> <\/label>\n<\/p>\n<p><label> El teu missatge (opcional)<br \/>\n<span class=\"wpcf7-form-control-wrap\" data-name=\"your-message\"><textarea cols=\"40\" rows=\"10\" maxlength=\"2000\" class=\"wpcf7-form-control wpcf7-textarea\" aria-invalid=\"false\" name=\"your-message\"><\/textarea><\/span> <\/label>\n<\/p>\n<p><label><span class=\"wpcf7-form-control-wrap\" data-name=\"checkbox-416\"><span class=\"wpcf7-form-control wpcf7-checkbox wpcf7-validates-as-required\"><span class=\"wpcf7-list-item first last\"><label><input type=\"checkbox\" name=\"checkbox-416[]\" value=\"He llegit i accepto la pol\u00edtica de privadesa de Vivim Solar\" \/><span class=\"wpcf7-list-item-label\">He llegit i accepto la pol\u00edtica de privadesa de Vivim Solar<\/span><\/label><\/span><\/span><\/span> <\/label><br \/>\n<label><span class=\"wpcf7-form-control-wrap\" data-name=\"checkbox-417\"><span class=\"wpcf7-form-control wpcf7-checkbox\"><span class=\"wpcf7-list-item first last\"><label><input type=\"checkbox\" name=\"checkbox-417[]\" value=\"Accepto rebre notificacions comercials per part de Vivim Solar\" \/><span class=\"wpcf7-list-item-label\">Accepto rebre notificacions comercials per part de Vivim Solar<\/span><\/label><\/span><\/span><\/span> <\/label>\n<\/p>\n<p><input class=\"wpcf7-form-control wpcf7-submit has-spinner\" type=\"submit\" value=\"Enviar\" \/>\n<\/p><div class=\"wpcf7-response-output\" aria-hidden=\"true\"><\/div>\n<\/form>\n<\/div>\n\n\n\n\t\t<\/div>\n\t\t\t\t\n<style>\n#col-441190711 > .col-inner {\n  padding: 30px 30px 30px 30px;\n}\n<\/style>\n\t<\/div>\n\n\t\n\n<\/div>\n\n\t\t<\/div>\n\n\t\t\n<style>\n#section_876321066 {\n  padding-top: 60px 0;\n  padding-bottom: 60px 0;\n}\n<\/style>\n\t<\/section>\n\t\n\n\t<section class=\"section\" id=\"section_220493875\">\n\t\t<div class=\"section-bg fill\" >\n\t\t\t\t\t\t\t\t\t\n\t\t\t\n\n\t\t<\/div>\n\n\t\t\n\n\t\t<div class=\"section-content relative\">\n\t\t\t\n\n<div class=\"row\"  id=\"row-1346792840\">\n\n\n\t<div id=\"col-398819406\" class=\"col large-12\"  >\n\t\t\t\t<div class=\"col-inner text-center\"  >\n\t\t\t\n\t\t\t\n\n<h2 class=\"uppercase\">Tamb\u00e9 ens pots visitar<\/h2>\n<p>Vine a les nostres oficines si prefereixes parlar cara a cara. \u00a1\u00a1 Estarem encantats d&#8217;atendre&#8217;t!<\/p>\n\n\t\t<\/div>\n\t\t\t\t\t<\/div>\n\n\t\n\n<\/div>\n\n\t\t<\/div>\n\n\t\t\n<style>\n#section_220493875 {\n  padding-top: 40px 0;\n  padding-bottom: 40px 0;\n}\n<\/style>\n\t<\/section>\n\t\n\n\t<script type=\"text\/javascript\">\n  jQuery( document ).ready(function() {\n    function initialize() {\n        var styles = {\n            'flatsome':  [{\n            \"featureType\": \"administrative\",\n            \"stylers\": [\n              { \"visibility\": \"on\" }\n            ]\n          },\n          {\n            \"featureType\": \"road\",\n            \"stylers\": [\n              { \"visibility\": \"on\" },\n              { \"hue\": \"\" }\n            ]\n          },\n          {\n            \"stylers\": [\n\t\t\t  { \"visibility\": \"on\" },\n\t\t\t  { \"hue\": \"\" },\n\t\t\t  { \"saturation\": -30 }\n            ]\n          }\n        ]};\n\n        var myLatlng = new google.maps.LatLng(41.472345, 2.085496);\n        var myOptions = {\n            zoom: 17,\n            center: myLatlng,\n            mapTypeId: google.maps.MapTypeId.ROADMAP,\n            disableDefaultUI: true,\n            mapTypeId: 'flatsome',\n            draggable: true,\n            zoomControl: false,\n            zoomControlOptions: {\n              position: google.maps.ControlPosition.TOP_LEFT\n            },\n      \t\t\tmapTypeControl: false,\n            mapTypeControlOptions: {\n              position: google.maps.ControlPosition.TOP_LEFT\n            },\n      \t\t\tstreetViewControl: false,\n            streetViewControlOptions: {\n              position: google.maps.ControlPosition.TOP_LEFT\n            },\n            scrollwheel: false,\n            disableDoubleClickZoom: true\n        }\n        var map = new google.maps.Map(document.getElementById(\"map-955857765-inner\"), myOptions);\n        var styledMapType = new google.maps.StyledMapType(styles['flatsome'], {name: 'flatsome'});\n        map.mapTypes.set('flatsome', styledMapType);\n\n        var marker = new google.maps.Marker({\n            position: myLatlng,\n            map: map,\n            title:\"\"\n        });\n    }\n\n    \/\/ Required to proceed\n    if (!(typeof google === 'object' && typeof google.maps === 'object')) {\n      return\n    }\n\n    initialize()\n    google.maps.event.addDomListener(window, 'resize', initialize);\n    });\n    <\/script>\n\n    <div class=\"google-map relative mb\" id=\"map-955857765\">\n        <div class=\"map-height\" id=\"map-955857765-inner\"><\/div>\n        <div id=\"map_overlay_top\"><\/div>\n        <div id=\"map_overlay_bottom\"><\/div>\n                  <div class=\"map_inner map-inner last-reset absolute x100 md-x95 lg-x95 y100 md-y95 lg-y95\">\n              \n\n<div class=\"row\"  id=\"row-556287078\">\n\n\n\t<div id=\"col-1753987582\" class=\"col small-12 large-12\"  >\n\t\t\t\t<div class=\"col-inner\"  >\n\t\t\t\n\t\t\t\n\n<div class=\"heading-footer\">\n<h3 class=\"uxtxt_5\">Contacte<\/h3>\n<\/div>\n<ul>\n<li class=\"dir li-contact uxtxt_1\">Av. Corts Catalanes, 2, Nau 4 &#8211; 08173 &#8211; Sant Cugat del Vall\u00e8s<\/li>\n<li class=\"tel li-contact uxtxt_1\">Tel. 659 994 599<\/li>\n<li class=\"mail li-contact uxtxt_1\"><a class=\"mail\" title=\"hola@vivimsolar.com\" href=\"mailto:hola@vivimsolar.com\">hola@vivimsolar.com<\/a><\/li>\n<\/ul>\n\n\t\t<\/div>\n\t\t\t\t\t<\/div>\n\n\t\n\n<\/div>\n\n         <\/div>\n       \n       \n<style>\n#map-955857765 .map-inner {\n  background-color: #fff;\n  max-width: 100%;\n}\n#map-955857765 .map-height {\n  height: 400px;\n}\n@media (min-width:550px) {\n  #map-955857765 .map-inner {\n    max-width: 40%;\n  }\n}\n@media (min-width:850px) {\n  #map-955857765 .map-inner {\n    max-width: 30%;\n  }\n}\n<\/style>\n    <\/div>\n\n\t\n\n","protected":false},"excerpt":{"rendered":"","protected":false},"author":2,"featured_media":0,"parent":0,"menu_order":0,"comment_status":"closed","ping_status":"closed","template":"page-blank.php","meta":{"_joinchat":[],"footnotes":""},"class_list":["post-519","page","type-page","status-publish","hentry"],"yoast_head":"<!-- This site is optimized with the Yoast SEO plugin v25.1 - https:\/\/yoast.com\/wordpress\/plugins\/seo\/ -->\n<title>Contacte - Vivim Solar<\/title>\n<meta name=\"robots\" content=\"noindex, follow, max-snippet:-1, max-image-preview:large, max-video-preview:-1\" \/>\n<meta property=\"og:locale\" content=\"ca_ES\" \/>\n<meta property=\"og:type\" content=\"article\" \/>\n<meta property=\"og:title\" content=\"Contacte - Vivim Solar\" \/>\n<meta property=\"og:url\" content=\"https:\/\/test.vivimsolar.cat\/ca\/contacte\/\" \/>\n<meta property=\"og:site_name\" content=\"Vivim Solar\" \/>\n<meta property=\"article:modified_time\" content=\"2025-05-15T09:53:01+00:00\" \/>\n<meta name=\"twitter:card\" content=\"summary_large_image\" \/>\n<meta name=\"twitter:label1\" content=\"Temps estimat de lectura\" \/>\n\t<meta name=\"twitter:data1\" content=\"1 minut\" \/>\n<script type=\"application\/ld+json\" class=\"yoast-schema-graph\">{\"@context\":\"https:\/\/schema.org\",\"@graph\":[{\"@type\":\"WebPage\",\"@id\":\"https:\/\/test.vivimsolar.cat\/ca\/contacte\/\",\"url\":\"https:\/\/test.vivimsolar.cat\/ca\/contacte\/\",\"name\":\"Contacte - Vivim Solar\",\"isPartOf\":{\"@id\":\"https:\/\/test.vivimsolar.cat\/ca\/#website\"},\"datePublished\":\"2025-01-27T16:12:39+00:00\",\"dateModified\":\"2025-05-15T09:53:01+00:00\",\"breadcrumb\":{\"@id\":\"https:\/\/test.vivimsolar.cat\/ca\/contacte\/#breadcrumb\"},\"inLanguage\":\"ca\",\"potentialAction\":[{\"@type\":\"ReadAction\",\"target\":[\"https:\/\/test.vivimsolar.cat\/ca\/contacte\/\"]}]},{\"@type\":\"BreadcrumbList\",\"@id\":\"https:\/\/test.vivimsolar.cat\/ca\/contacte\/#breadcrumb\",\"itemListElement\":[{\"@type\":\"ListItem\",\"position\":1,\"name\":\"Portada\",\"item\":\"https:\/\/test.vivimsolar.cat\/ca\/\"},{\"@type\":\"ListItem\",\"position\":2,\"name\":\"Contacte\"}]},{\"@type\":\"WebSite\",\"@id\":\"https:\/\/test.vivimsolar.cat\/ca\/#website\",\"url\":\"https:\/\/test.vivimsolar.cat\/ca\/\",\"name\":\"Vivim Solar\",\"description\":\"Especialistas en Energ\u00eda Solar\",\"potentialAction\":[{\"@type\":\"SearchAction\",\"target\":{\"@type\":\"EntryPoint\",\"urlTemplate\":\"https:\/\/test.vivimsolar.cat\/ca\/?s={search_term_string}\"},\"query-input\":{\"@type\":\"PropertyValueSpecification\",\"valueRequired\":true,\"valueName\":\"search_term_string\"}}],\"inLanguage\":\"ca\"}]}<\/script>\n<!-- \/ Yoast SEO plugin. -->","yoast_head_json":{"title":"Contacte - Vivim Solar","robots":{"index":"noindex","follow":"follow","max-snippet":"max-snippet:-1","max-image-preview":"max-image-preview:large","max-video-preview":"max-video-preview:-1"},"og_locale":"ca_ES","og_type":"article","og_title":"Contacte - Vivim Solar","og_url":"https:\/\/test.vivimsolar.cat\/ca\/contacte\/","og_site_name":"Vivim Solar","article_modified_time":"2025-05-15T09:53:01+00:00","twitter_card":"summary_large_image","twitter_misc":{"Temps estimat de lectura":"1 minut"},"schema":{"@context":"https:\/\/schema.org","@graph":[{"@type":"WebPage","@id":"https:\/\/test.vivimsolar.cat\/ca\/contacte\/","url":"https:\/\/test.vivimsolar.cat\/ca\/contacte\/","name":"Contacte - Vivim Solar","isPartOf":{"@id":"https:\/\/test.vivimsolar.cat\/ca\/#website"},"datePublished":"2025-01-27T16:12:39+00:00","dateModified":"2025-05-15T09:53:01+00:00","breadcrumb":{"@id":"https:\/\/test.vivimsolar.cat\/ca\/contacte\/#breadcrumb"},"inLanguage":"ca","potentialAction":[{"@type":"ReadAction","target":["https:\/\/test.vivimsolar.cat\/ca\/contacte\/"]}]},{"@type":"BreadcrumbList","@id":"https:\/\/test.vivimsolar.cat\/ca\/contacte\/#breadcrumb","itemListElement":[{"@type":"ListItem","position":1,"name":"Portada","item":"https:\/\/test.vivimsolar.cat\/ca\/"},{"@type":"ListItem","position":2,"name":"Contacte"}]},{"@type":"WebSite","@id":"https:\/\/test.vivimsolar.cat\/ca\/#website","url":"https:\/\/test.vivimsolar.cat\/ca\/","name":"Vivim Solar","description":"Especialistas en Energ\u00eda Solar","potentialAction":[{"@type":"SearchAction","target":{"@type":"EntryPoint","urlTemplate":"https:\/\/test.vivimsolar.cat\/ca\/?s={search_term_string}"},"query-input":{"@type":"PropertyValueSpecification","valueRequired":true,"valueName":"search_term_string"}}],"inLanguage":"ca"}]}},"_links":{"self":[{"href":"https:\/\/test.vivimsolar.cat\/ca\/wp-json\/wp\/v2\/pages\/519","targetHints":{"allow":["GET"]}}],"collection":[{"href":"https:\/\/test.vivimsolar.cat\/ca\/wp-json\/wp\/v2\/pages"}],"about":[{"href":"https:\/\/test.vivimsolar.cat\/ca\/wp-json\/wp\/v2\/types\/page"}],"author":[{"embeddable":true,"href":"https:\/\/test.vivimsolar.cat\/ca\/wp-json\/wp\/v2\/users\/2"}],"replies":[{"embeddable":true,"href":"https:\/\/test.vivimsolar.cat\/ca\/wp-json\/wp\/v2\/comments?post=519"}],"version-history":[{"count":1,"href":"https:\/\/test.vivimsolar.cat\/ca\/wp-json\/wp\/v2\/pages\/519\/revisions"}],"predecessor-version":[{"id":520,"href":"https:\/\/test.vivimsolar.cat\/ca\/wp-json\/wp\/v2\/pages\/519\/revisions\/520"}],"wp:attachment":[{"href":"https:\/\/test.vivimsolar.cat\/ca\/wp-json\/wp\/v2\/media?parent=519"}],"curies":[{"name":"wp","href":"https:\/\/api.w.org\/{rel}","templated":true}]}}